{"id":2155,"date":"2022-07-21T15:04:41","date_gmt":"2022-07-21T15:04:41","guid":{"rendered":"https:\/\/premierhighschools.com\/?page_id=2155"},"modified":"2024-11-14T17:01:32","modified_gmt":"2024-11-14T17:01:32","slug":"politica-de-privacidad","status":"publish","type":"page","link":"https:\/\/premierhighschools.com\/es\/privacy-policy\/","title":{"rendered":"Pol\u00edtica de privacidad"},"content":{"rendered":"<h2 class=\"wp-block-heading\"><strong>Pol\u00edtica de privacidad de Responsive Education Solutions, Inc.<\/strong><\/h2>\n\n\n\n<p>En Premier High School, accesible desde https:\/\/premierhighschools.com, una de nuestras principales prioridades es la privacidad de nuestros visitantes. Este documento de Pol\u00edtica de Privacidad contiene los tipos de informaci\u00f3n que Premier High School recopila y registra, y c\u00f3mo la utilizamos.<\/p>\n\n\n\n<p>Si tiene alguna pregunta adicional o necesita m\u00e1s informaci\u00f3n sobre nuestra Pol\u00edtica de privacidad, no dude en ponerse en contacto con nosotros. <a href=\"mailto:commcenter@responsiveed.com\">P\u00f3ngase en contacto con nosotros.<\/a><\/p>\n\n\n\n<p>Esta Pol\u00edtica de Privacidad se aplica \u00fanicamente a nuestras actividades en l\u00ednea y es v\u00e1lida para los visitantes de nuestro sitio web en lo que respecta a la informaci\u00f3n que comparten y\/o recopilan en Premier High School. Esta pol\u00edtica no se aplica a ninguna informaci\u00f3n recopilada fuera de l\u00ednea o a trav\u00e9s de canales distintos a este sitio web. Nuestra Pol\u00edtica de Privacidad se ha creado con la ayuda de\u00a0<a href=\"https:\/\/www.privacypolicygenerator.info\/\">Generador gratuito de pol\u00edticas de privacidad<\/a>.<\/p>\n\n\n\n<h4 class=\"wp-block-heading\"><strong>Consentimiento<\/strong><\/h4>\n\n\n\n<p>Al utilizar nuestro sitio web, usted acepta nuestra Pol\u00edtica de Privacidad y est\u00e1 de acuerdo con sus t\u00e9rminos.<\/p>\n\n\n\n<h4 class=\"wp-block-heading\"><strong>Informaci\u00f3n que recopilamos<\/strong><\/h4>\n\n\n\n<p>La informaci\u00f3n personal que se le solicita y los motivos por los que se le solicita se le explicar\u00e1n claramente en el momento en que le pidamos que proporcione su informaci\u00f3n personal.<\/p>\n\n\n\n<p>Si se pone en contacto con nosotros directamente, es posible que recibamos informaci\u00f3n adicional sobre usted, como su nombre, direcci\u00f3n de correo electr\u00f3nico, n\u00famero de tel\u00e9fono, el contenido del mensaje y\/o los archivos adjuntos que nos env\u00ede, y cualquier otra informaci\u00f3n que decida proporcionarnos.<\/p>\n\n\n\n<p>Cuando se registre para obtener una cuenta, es posible que le solicitemos su informaci\u00f3n de contacto, incluyendo datos como su nombre, el nombre de su empresa, su direcci\u00f3n, su direcci\u00f3n de correo electr\u00f3nico y su n\u00famero de tel\u00e9fono.<\/p>\n\n\n\n<h4 class=\"wp-block-heading\"><strong>C\u00f3mo utilizamos su informaci\u00f3n<\/strong><\/h4>\n\n\n\n<p>Utilizamos la informaci\u00f3n que recopilamos de diversas maneras, entre ellas:<\/p>\n\n\n\n<ul class=\"wp-block-list\">\n<li>Proporcionar, operar y mantener nuestro sitio web.<\/li>\n\n\n\n<li>Mejorar, personalizar y ampliar nuestro sitio web.<\/li>\n\n\n\n<li>Comprender y analizar c\u00f3mo utiliza nuestro sitio web.<\/li>\n\n\n\n<li>Desarrollar nuevos productos, servicios, caracter\u00edsticas y funcionalidades.<\/li>\n\n\n\n<li>Comunicarnos con usted, ya sea directamente o a trav\u00e9s de uno de nuestros socios, incluyendo para el servicio al cliente, para proporcionarle actualizaciones y otra informaci\u00f3n relacionada con el sitio web, y con fines de mercadotecnia y promoci\u00f3n.<\/li>\n\n\n\n<li>Enviarte correos electr\u00f3nicos<\/li>\n\n\n\n<li>Detecte y prevenga el fraude<\/li>\n<\/ul>\n\n\n\n<h4 class=\"wp-block-heading\"><strong>Archivos de registro<\/strong><\/h4>\n\n\n\n<p>Premier High School sigue un procedimiento est\u00e1ndar de uso de archivos de registro. Estos archivos registran a los visitantes cuando visitan sitios web. Todas las empresas de alojamiento web lo hacen y forma parte de los servicios de an\u00e1lisis de los servicios de alojamiento. La informaci\u00f3n recopilada por los archivos de registro incluye direcciones de protocolo de Internet (IP), tipo de navegador, proveedor de servicios de Internet (ISP), fecha y hora, p\u00e1ginas de referencia\/salida y, posiblemente, el n\u00famero de clics. Estos datos no est\u00e1n vinculados a ninguna informaci\u00f3n de identificaci\u00f3n personal. El prop\u00f3sito de la informaci\u00f3n es analizar tendencias, administrar el sitio, rastrear el movimiento de los usuarios en el sitio web y recopilar informaci\u00f3n demogr\u00e1fica.<\/p>\n\n\n\n<h4 class=\"wp-block-heading\"><strong>Cookies y balizas web<\/strong><\/h4>\n\n\n\n<p>Al igual que cualquier otro sitio web, Premier High School utiliza \u2018cookies\u2019. Estas cookies se utilizan para almacenar informaci\u00f3n, incluyendo las preferencias de los visitantes y las p\u00e1ginas del sitio web a las que el visitante ha accedido o visitado. La informaci\u00f3n se utiliza para optimizar la experiencia de los usuarios, personalizando el contenido de nuestra p\u00e1gina web en funci\u00f3n del tipo de navegador de los visitantes y\/u otra informaci\u00f3n.<\/p>\n\n\n\n<h4 class=\"wp-block-heading\"><strong>Pol\u00edticas de privacidad de los socios publicitarios<\/strong><\/h4>\n\n\n\n<p>Puede consultar esta lista para encontrar la Pol\u00edtica de Privacidad de cada uno de los socios publicitarios de Premier High School.<\/p>\n\n\n\n<p>Los servidores o redes publicitarios de terceros utilizan tecnolog\u00edas como cookies, JavaScript o balizas web que se emplean en sus respectivos anuncios y enlaces que aparecen en Premier High School, y que se env\u00edan directamente a los navegadores de los usuarios. Cuando esto ocurre, reciben autom\u00e1ticamente su direcci\u00f3n IP. Estas tecnolog\u00edas se utilizan para medir la eficacia de sus campa\u00f1as publicitarias y\/o para personalizar el contenido publicitario que usted ve en los sitios web que visita.<\/p>\n\n\n\n<p>Tenga en cuenta que Premier High School no tiene acceso ni control sobre estas cookies que utilizan los anunciantes externos.<\/p>\n\n\n\n<h4 class=\"wp-block-heading\"><strong>Pol\u00edticas de privacidad de terceros<\/strong><\/h4>\n\n\n\n<p>La Pol\u00edtica de Privacidad de Premier High School no se aplica a otros anunciantes o sitios web. Por lo tanto, le recomendamos que consulte las respectivas Pol\u00edticas de Privacidad de estos servidores de anuncios de terceros para obtener informaci\u00f3n m\u00e1s detallada. Puede incluir sus pr\u00e1cticas e instrucciones sobre c\u00f3mo excluirse de determinadas opciones.<\/p>\n\n\n\n<p>Puede desactivar las cookies a trav\u00e9s de las opciones de su navegador. Encontrar\u00e1 informaci\u00f3n m\u00e1s detallada sobre la gesti\u00f3n de cookies con navegadores web espec\u00edficos en los respectivos sitios web de los navegadores.<\/p>\n\n\n\n<h4 class=\"wp-block-heading\"><strong>Derechos de privacidad de la CCPA (No vender mi informaci\u00f3n personal)<\/strong><\/h4>\n\n\n\n<p>En virtud de la CCPA, entre otros derechos, los consumidores de California tienen derecho a:<\/p>\n\n\n\n<p><ul>\n<li>Solicitar que una empresa que recopila datos personales de los consumidores revele las categor\u00edas y los datos personales espec\u00edficos que ha recopilado sobre los consumidores.<\/li>\n<li>Solicitar a una empresa que elimine cualquier dato personal sobre el consumidor que haya recopilado.<\/li>\n<li>Solicitar que una empresa que vende los datos personales de un consumidor no venda dichos datos.<\/li>\n<\/ul><\/p>\n\n\n\n<p>Si realiza una solicitud, tenemos un mes para responderle. Si desea ejercer cualquiera de estos derechos, p\u00f3ngase en contacto con nosotros.<\/p>\n\n\n\n<h4 class=\"wp-block-heading\"><strong>Derechos de protecci\u00f3n de datos del RGPD<\/strong><\/h4>\n\n\n\n<p>Queremos asegurarnos de que conoce todos sus derechos en materia de protecci\u00f3n de datos. Todos los usuarios tienen derecho a lo siguiente:<\/p>\n\n\n\n<p><ul>\n<li>Derecho de acceso: tienes derecho a solicitar copias de tus datos personales. Es posible que te cobremos una peque\u00f1a tarifa por este servicio.<\/li>\n<li>Derecho de rectificaci\u00f3n: tiene derecho a solicitar que corrijamos cualquier informaci\u00f3n que considere inexacta. Tambi\u00e9n tiene derecho a solicitar que completemos la informaci\u00f3n que considere incompleta.<\/li>\n<li>Derecho de supresi\u00f3n: tiene derecho a solicitar que suprimamos sus datos personales, bajo ciertas condiciones.<\/li>\n<li>Derecho a restringir el tratamiento: tiene derecho a solicitar que restrinjamos el tratamiento de sus datos personales, bajo ciertas condiciones.<\/li>\n<li>Derecho a oponerse al tratamiento: tiene derecho a oponerse al tratamiento de sus datos personales por nuestra parte, bajo ciertas condiciones.<\/li>\n<li>Derecho a la portabilidad de los datos: tiene derecho a solicitar que transfiramos los datos que hemos recopilado a otra organizaci\u00f3n, o directamente a usted, bajo ciertas condiciones.<\/li>\n<\/ul><\/p>\n\n\n\n<p>Si realiza una solicitud, tenemos un mes para responderle. Si desea ejercer cualquiera de estos derechos, p\u00f3ngase en contacto con nosotros.<\/p>\n\n\n\n<h4 class=\"wp-block-heading\"><strong>Informaci\u00f3n sobre los ni\u00f1os<\/strong><\/h4>\n\n\n\n<p>Otra de nuestras prioridades es a\u00f1adir protecci\u00f3n para los ni\u00f1os mientras utilizan Internet. Animamos a los padres y tutores a observar, participar y\/o supervisar y orientar su actividad en l\u00ednea.<\/p>\n\n\n\n<p>Premier High School no recopila deliberadamente ninguna informaci\u00f3n personal identificable de ni\u00f1os menores de 13 a\u00f1os. Si cree que su hijo ha proporcionado este tipo de informaci\u00f3n en nuestro sitio web, le recomendamos encarecidamente que se ponga en contacto con nosotros de inmediato y haremos todo lo posible por eliminar r\u00e1pidamente dicha informaci\u00f3n de nuestros registros.<\/p>\n\n\n\n<p>&nbsp;<\/p>\n<p><strong>Este documento se actualiz\u00f3 por \u00faltima vez el 21 de julio de 2022.<\/strong><\/p>","protected":false},"excerpt":{"rendered":"<p>Privacy Policy for Responsive Education Solutions, Inc. At Premier High School, accessible from https:\/\/premierhighschools.com, one of our main priorities is the privacy of our visitors. This Privacy Policy document contains&#8230;<\/p>","protected":false},"author":16,"featured_media":0,"parent":0,"menu_order":0,"comment_status":"closed","ping_status":"closed","template":"","meta":{"footnotes":""},"class_list":["post-2155","page","type-page","status-publish"],"yoast_head":"<!-- This site is optimized with the Yoast SEO plugin v27.2 - https:\/\/yoast.com\/product\/yoast-seo-wordpress\/ -->\n<title>Privacy Policy | Premier High School<\/title>\n<meta name=\"description\" content=\"Read the privacy policy of Premier High School to understand how we protect and guard your personal information.\" \/>\n<meta name=\"robots\" content=\"index, follow, max-snippet:-1, max-image-preview:large, max-video-preview:-1\" \/>\n<link rel=\"canonical\" href=\"https:\/\/premierhighschools.com\/es\/politica-de-privacidad\/\" \/>\n<meta property=\"og:locale\" content=\"es_MX\" \/>\n<meta property=\"og:type\" content=\"article\" \/>\n<meta property=\"og:title\" content=\"Privacy Policy | Premier High School\" \/>\n<meta property=\"og:description\" content=\"Read the privacy policy of Premier High School to understand how we protect and guard your personal information.\" \/>\n<meta property=\"og:url\" content=\"https:\/\/premierhighschools.com\/es\/politica-de-privacidad\/\" \/>\n<meta property=\"og:site_name\" content=\"Premier High School\" \/>\n<meta property=\"article:modified_time\" content=\"2024-11-14T17:01:32+00:00\" \/>\n<meta property=\"og:image\" content=\"https:\/\/premierhighschools.com\/wp-content\/uploads\/2024\/02\/PHS_3944_LQ.webp\" \/>\n\t<meta property=\"og:image:width\" content=\"2500\" \/>\n\t<meta property=\"og:image:height\" content=\"1666\" \/>\n\t<meta property=\"og:image:type\" content=\"image\/webp\" \/>\n<meta name=\"twitter:card\" content=\"summary_large_image\" \/>\n<script type=\"application\/ld+json\" class=\"yoast-schema-graph\">{\"@context\":\"https:\/\/schema.org\",\"@graph\":[{\"@type\":\"WebPage\",\"@id\":\"https:\/\/premierhighschools.com\/privacy-policy\/\",\"url\":\"https:\/\/premierhighschools.com\/privacy-policy\/\",\"name\":\"Privacy Policy | Premier High School\",\"isPartOf\":{\"@id\":\"https:\/\/premierhighschools.com\/#website\"},\"datePublished\":\"2022-07-21T15:04:41+00:00\",\"dateModified\":\"2024-11-14T17:01:32+00:00\",\"description\":\"Read the privacy policy of Premier High School to understand how we protect and guard your personal information.\",\"breadcrumb\":{\"@id\":\"https:\/\/premierhighschools.com\/privacy-policy\/#breadcrumb\"},\"inLanguage\":\"es\",\"potentialAction\":[{\"@type\":\"ReadAction\",\"target\":[\"https:\/\/premierhighschools.com\/privacy-policy\/\"]}]},{\"@type\":\"BreadcrumbList\",\"@id\":\"https:\/\/premierhighschools.com\/privacy-policy\/#breadcrumb\",\"itemListElement\":[{\"@type\":\"ListItem\",\"position\":1,\"name\":\"Home\",\"item\":\"https:\/\/premierhighschools.com\/\"},{\"@type\":\"ListItem\",\"position\":2,\"name\":\"Privacy Policy\"}]},{\"@type\":\"WebSite\",\"@id\":\"https:\/\/premierhighschools.com\/#website\",\"url\":\"https:\/\/premierhighschools.com\/\",\"name\":\"Premier High School\",\"description\":\"The Perfect Fit for a Unique Path\",\"publisher\":{\"@id\":\"https:\/\/premierhighschools.com\/#organization\"},\"potentialAction\":[{\"@type\":\"SearchAction\",\"target\":{\"@type\":\"EntryPoint\",\"urlTemplate\":\"https:\/\/premierhighschools.com\/?s={search_term_string}\"},\"query-input\":{\"@type\":\"PropertyValueSpecification\",\"valueRequired\":true,\"valueName\":\"search_term_string\"}}],\"inLanguage\":\"es\"},{\"@type\":\"Organization\",\"@id\":\"https:\/\/premierhighschools.com\/#organization\",\"name\":\"Premier High School\",\"url\":\"https:\/\/premierhighschools.com\/\",\"logo\":{\"@type\":\"ImageObject\",\"inLanguage\":\"es\",\"@id\":\"https:\/\/premierhighschools.com\/#\/schema\/logo\/image\/\",\"url\":\"https:\/\/premierhighschools.com\/wp-content\/uploads\/2022\/03\/cropped-Premier_Icon-Circle-Primary-1.png\",\"contentUrl\":\"https:\/\/premierhighschools.com\/wp-content\/uploads\/2022\/03\/cropped-Premier_Icon-Circle-Primary-1.png\",\"width\":512,\"height\":512,\"caption\":\"Premier High School\"},\"image\":{\"@id\":\"https:\/\/premierhighschools.com\/#\/schema\/logo\/image\/\"}}]}<\/script>\n<!-- \/ Yoast SEO plugin. -->","yoast_head_json":{"title":"Privacy Policy | Premier High School","description":"Read the privacy policy of Premier High School to understand how we protect and guard your personal information.","robots":{"index":"index","follow":"follow","max-snippet":"max-snippet:-1","max-image-preview":"max-image-preview:large","max-video-preview":"max-video-preview:-1"},"canonical":"https:\/\/premierhighschools.com\/es\/politica-de-privacidad\/","og_locale":"es_MX","og_type":"article","og_title":"Privacy Policy | Premier High School","og_description":"Read the privacy policy of Premier High School to understand how we protect and guard your personal information.","og_url":"https:\/\/premierhighschools.com\/es\/politica-de-privacidad\/","og_site_name":"Premier High School","article_modified_time":"2024-11-14T17:01:32+00:00","og_image":[{"width":2500,"height":1666,"url":"https:\/\/premierhighschools.com\/wp-content\/uploads\/2024\/02\/PHS_3944_LQ.webp","type":"image\/webp"}],"twitter_card":"summary_large_image","schema":{"@context":"https:\/\/schema.org","@graph":[{"@type":"WebPage","@id":"https:\/\/premierhighschools.com\/privacy-policy\/","url":"https:\/\/premierhighschools.com\/privacy-policy\/","name":"Privacy Policy | Premier High School","isPartOf":{"@id":"https:\/\/premierhighschools.com\/#website"},"datePublished":"2022-07-21T15:04:41+00:00","dateModified":"2024-11-14T17:01:32+00:00","description":"Read the privacy policy of Premier High School to understand how we protect and guard your personal information.","breadcrumb":{"@id":"https:\/\/premierhighschools.com\/privacy-policy\/#breadcrumb"},"inLanguage":"es","potentialAction":[{"@type":"ReadAction","target":["https:\/\/premierhighschools.com\/privacy-policy\/"]}]},{"@type":"BreadcrumbList","@id":"https:\/\/premierhighschools.com\/privacy-policy\/#breadcrumb","itemListElement":[{"@type":"ListItem","position":1,"name":"Home","item":"https:\/\/premierhighschools.com\/"},{"@type":"ListItem","position":2,"name":"Privacy Policy"}]},{"@type":"WebSite","@id":"https:\/\/premierhighschools.com\/#website","url":"https:\/\/premierhighschools.com\/","name":"Preparatoria Premier","description":"El ajuste perfecto para un camino \u00fanico","publisher":{"@id":"https:\/\/premierhighschools.com\/#organization"},"potentialAction":[{"@type":"SearchAction","target":{"@type":"EntryPoint","urlTemplate":"https:\/\/premierhighschools.com\/?s={search_term_string}"},"query-input":{"@type":"PropertyValueSpecification","valueRequired":true,"valueName":"search_term_string"}}],"inLanguage":"es"},{"@type":"Organization","@id":"https:\/\/premierhighschools.com\/#organization","name":"Preparatoria Premier","url":"https:\/\/premierhighschools.com\/","logo":{"@type":"ImageObject","inLanguage":"es","@id":"https:\/\/premierhighschools.com\/#\/schema\/logo\/image\/","url":"https:\/\/premierhighschools.com\/wp-content\/uploads\/2022\/03\/cropped-Premier_Icon-Circle-Primary-1.png","contentUrl":"https:\/\/premierhighschools.com\/wp-content\/uploads\/2022\/03\/cropped-Premier_Icon-Circle-Primary-1.png","width":512,"height":512,"caption":"Premier High School"},"image":{"@id":"https:\/\/premierhighschools.com\/#\/schema\/logo\/image\/"}}]}},"_links":{"self":[{"href":"https:\/\/premierhighschools.com\/es\/wp-json\/wp\/v2\/pages\/2155","targetHints":{"allow":["GET"]}}],"collection":[{"href":"https:\/\/premierhighschools.com\/es\/wp-json\/wp\/v2\/pages"}],"about":[{"href":"https:\/\/premierhighschools.com\/es\/wp-json\/wp\/v2\/types\/page"}],"author":[{"embeddable":true,"href":"https:\/\/premierhighschools.com\/es\/wp-json\/wp\/v2\/users\/16"}],"replies":[{"embeddable":true,"href":"https:\/\/premierhighschools.com\/es\/wp-json\/wp\/v2\/comments?post=2155"}],"version-history":[{"count":0,"href":"https:\/\/premierhighschools.com\/es\/wp-json\/wp\/v2\/pages\/2155\/revisions"}],"wp:attachment":[{"href":"https:\/\/premierhighschools.com\/es\/wp-json\/wp\/v2\/media?parent=2155"}],"curies":[{"name":"wp","href":"https:\/\/api.w.org\/{rel}","templated":true}]}}