{"id":2176,"date":"2022-07-28T20:03:07","date_gmt":"2022-07-28T20:03:07","guid":{"rendered":"https:\/\/premierhighschools.com\/?page_id=2176"},"modified":"2024-11-14T16:46:42","modified_gmt":"2024-11-14T16:46:42","slug":"valle-de-enroll","status":"publish","type":"page","link":"https:\/\/premierhighschools.com\/es\/enroll-valley\/","title":{"rendered":"Inscr\u00edbete en Valley"},"content":{"rendered":"<div class=\"wp-block-toolset-blocks-container tb-container enroll-header\" data-toolset-blocks-container=\"ff29479f260e29f459152db70ece21aa\">\n<div class=\"tb-fields-and-text\" data-toolset-blocks-fields-and-text=\"f391fd7d1c092eff939de424efe0cb8d\"><p style=\"text-align: center;\">Valle del R\u00edo Grande<\/p><\/div>\n\n\n\n<div class=\"tb-fields-and-text\" data-toolset-blocks-fields-and-text=\"6cabcdc5eaa266492ab9f81592c08980\"><p style=\"text-align: center;\">CAMPUSES DE PREMIER HIGH SCHOOL<\/p><\/div>\n\n\n\n<div class=\"tb-fields-and-text\" data-toolset-blocks-fields-and-text=\"08a5ddb944074e789f5d288bc80aa344\"><p style=\"text-align: center;\">BROWNSVILLE | EDINBURG | MISSION<\/p>\n<p style=\"text-align: center;\">PALMVIEW | SAN JUAN | WESLACO<\/p><\/div>\n\n\n\n<div style=\"height:80px\" aria-hidden=\"true\" class=\"wp-block-spacer\"><\/div>\n\n\n\n<div class=\"tb-fields-and-text\" data-toolset-blocks-fields-and-text=\"bbc4010718528cdb534e58e083d1dbe1\"><p style=\"text-align: center;\">INSCR\u00cdBETE HOY MISMO EN LA ESCUELA SECUNDARIA<\/p><\/div>\n\n\n\n<div class=\"tb-fields-and-text\" data-toolset-blocks-fields-and-text=\"c8ebc8000060b6791867d202edf54848\"><p style=\"text-align: center;\">PARA INICIAR TU CAMINO HACIA LA GRADUACI\u00d3N.<\/p><\/div>\n<\/div>\n\n\n\n<div class=\"wp-block-toolset-blocks-container tb-container enroll-options landing-list-light\" data-toolset-blocks-container=\"8cffc71e2c1cba91fd04a4a284ba1753\">\n<div class=\"wp-block-toolset-blocks-grid tb-grid\" data-toolset-blocks-grid=\"629b9fc057b405388cf515347a22078b\">\n<div class=\"wp-block-toolset-blocks-grid-column tb-grid-column tb-grid-align-top\" data-toolset-blocks-grid-column=\"7d653afe711b164705d985c99169cf68\">\n<div class=\"wp-block-toolset-blocks-container tb-container\" data-toolset-blocks-container=\"28ef1639a4034868f9d14cfe70a317b9\">\n<figure class=\"wp-block-image size-large\"><img decoding=\"async\" src=\"http:\/\/premierhighschools.com\/wp-content\/uploads\/2020\/12\/premier-apply-02.png\" alt=\"\" class=\"wp-image-935\"\/><\/figure>\n\n\n\n<div class=\"tb-fields-and-text\" data-toolset-blocks-fields-and-text=\"9e39c40351e0fafcb593eaa4e5d4589f\"><p>SOLICITAR EN L\u00cdNEA<\/p><\/div>\n\n\n\n<div class=\"tb-fields-and-text\" data-toolset-blocks-fields-and-text=\"351dd54d61f0ba48769402e18984ff57\"><p>Utiliza el formulario de solicitud que aparece a continuaci\u00f3n para iniciar el proceso. Contamos con campus en el \u00e1rea del Valle del R\u00edo Grande en Brownsville, Edinburg, Mission, Palmview, San Juan y Weslaco. \u00bfNecesitas ver las ubicaciones? <a href=\"https:\/\/premierhighschools.com\/es\/busqueda\/?toolset_maps_distance_radius=60&amp;toolset_maps_distance_center=Weslaco,+TX,+USA\">Haga clic aqu\u00ed<\/a> para encontrar el campus m\u00e1s cercano a usted.<\/p><\/div>\n<\/div>\n<\/div>\n\n\n\n<div class=\"wp-block-toolset-blocks-grid-column tb-grid-column tb-grid-align-top\" data-toolset-blocks-grid-column=\"dca2967b548797ed4fc9de685f2c04d9\">\n<div class=\"wp-block-toolset-blocks-container tb-container\" data-toolset-blocks-container=\"37c66cfb205939c176a780f69b341887\">\n<figure class=\"wp-block-image size-large\"><img decoding=\"async\" src=\"http:\/\/premierhighschools.com\/wp-content\/uploads\/2020\/12\/premier-apply-01.png\" alt=\"\" class=\"wp-image-933\"\/><\/figure>\n\n\n\n<div class=\"tb-fields-and-text\" data-toolset-blocks-fields-and-text=\"97067e0a4cbe39e03857f7c65b1c7679\"><p>HABLA CON NOSOTROS<\/p><\/div>\n\n\n\n<div class=\"tb-fields-and-text\" data-toolset-blocks-fields-and-text=\"44aea20416f3c32c37a217993a55c3dd\"><p>No dudes en llamarnos al 877-707-9288 para hablar con uno de nuestros especialistas en inscripciones. Estamos disponibles de lunes a viernes, de 8:00 a. m. a 5:00 p. m., hora central.<\/p><\/div>\n<\/div>\n<\/div>\n\n\n\n<div class=\"wp-block-toolset-blocks-grid-column tb-grid-column tb-grid-align-top\" data-toolset-blocks-grid-column=\"5881e5ba84640a7010b7df9c283515e4\">\n<div class=\"wp-block-toolset-blocks-container tb-container\" data-toolset-blocks-container=\"74c200958fc3c98867cc77a566402e22\">\n<figure class=\"wp-block-image size-large\"><img decoding=\"async\" src=\"http:\/\/premierhighschools.com\/wp-content\/uploads\/2020\/12\/premier-apply-03.png\" alt=\"\" class=\"wp-image-934\"\/><\/figure>\n\n\n\n<div class=\"tb-fields-and-text\" data-toolset-blocks-fields-and-text=\"97067e0a4cbe39e03857f7c65b1c7679\"><p>CHATEA CON NOSOTROS<\/p><\/div>\n\n\n\n<div class=\"tb-fields-and-text\" data-toolset-blocks-fields-and-text=\"44aea20416f3c32c37a217993a55c3dd\"><p>Utiliza el cuadro de chat situado en la parte inferior derecha para chatear con un especialista en inscripciones. Estamos disponibles de lunes a viernes, de 8:00 a 17:00, hora central est\u00e1ndar.<\/p><\/div>\n<\/div>\n<\/div>\n<\/div>\n\n\n\n<div class=\"wp-block-toolset-blocks-grid tb-grid\" data-toolset-blocks-grid=\"594afca66b312a4ed91fa30b3643c91c\">\n<div class=\"wp-block-toolset-blocks-grid-column tb-grid-column tb-grid-align-top\" data-toolset-blocks-grid-column=\"06f16f5a9ff59daffabbe3b46984982a\">\n<div class=\"tb-fields-and-text\" data-toolset-blocks-fields-and-text=\"0c069d82ce616db3b36116e02aa65a17\"><p>EL PROCESO DE INSCRIPCI\u00d3N<\/p><\/div>\n\n\n\n<div class=\"tb-fields-and-text\" data-toolset-blocks-fields-and-text=\"17c239a6de9461d9a837284737522896\"><p>\u00a1Inscribirse es muy f\u00e1cil! Puede empezar por completar el formulario de esta p\u00e1gina. A continuaci\u00f3n, se le redirigir\u00e1 para completar la solicitud completa. Una vez enviada, revisaremos su solicitud para asegurarnos de que no tenemos ninguna pregunta adicional que hacerle.<\/p>\n<p>En ese momento, se te invitar\u00e1 a asistir a una orientaci\u00f3n en la que podr\u00e1s completar los documentos de inscripci\u00f3n adicionales. Se te pedir\u00e1 que proporciones:<\/p>\n<ul>\n  <li>Certificado de nacimiento<\/li>\n  <li>tarjeta de la seguridad social<\/li>\n  <li>registro de vacunaci\u00f3n<\/li>\n  <li>dos pruebas de residencia<\/li>\n  <li>Identificaci\u00f3n con foto de los pap\u00e1s o tutores<\/li>\n  <li>y expedientes acad\u00e9micos actuales<\/li>\n<\/ul>\n<p>Una vez completados estos pasos, ser\u00e1s un estudiante oficial de la Escuela Secundaria Premier.<\/p><\/div>\n<\/div>\n\n\n\n<div class=\"wp-block-toolset-blocks-grid-column tb-grid-column tb-grid-align-top\" data-toolset-blocks-grid-column=\"3034fbe886c11054e95b46b09d3e4112\">\n<div id=\"enroll-form\" class=\"wp-block-toolset-blocks-container tb-container\" data-toolset-blocks-container=\"4f3812e590dc467ee4a074e0065f02d0\"><\/div>\n<\/div>\n<\/div>\n<\/div>","protected":false},"excerpt":{"rendered":"CAMPUSES DE LA ESCUELA SECUNDARIA PREMIER DE RIO GRANDE VALLEY BROWNSVILLE | EDINBURG | MISSION PALMVIEW | SAN JUAN | WESLACO INSCR\u00cdBETE HOY MISMO EN LA ESCUELA SECUNDARIA PARA INICIAR TU CAMINO HACIA LA GRADUACI\u00d3N. SOLICITA TU INSCRIPCI\u00d3N...","protected":false},"author":16,"featured_media":0,"parent":0,"menu_order":0,"comment_status":"closed","ping_status":"closed","template":"","meta":{"footnotes":""},"class_list":["post-2176","page","type-page","status-publish"],"yoast_head":"<!-- This site is optimized with the Yoast SEO plugin v27.2 - https:\/\/yoast.com\/product\/yoast-seo-wordpress\/ -->\n<title>Enroll Valley - Premier High School<\/title>\n<meta name=\"description\" content=\"Discover Premier High Schools in the Valley! Enroll now for a personalized education that fits your needs. Join us for a brighter future today!\" \/>\n<meta name=\"robots\" content=\"index, follow, max-snippet:-1, max-image-preview:large, max-video-preview:-1\" \/>\n<link rel=\"canonical\" href=\"https:\/\/premierhighschools.com\/es\/valle-de-enroll\/\" \/>\n<meta property=\"og:locale\" content=\"es_MX\" \/>\n<meta property=\"og:type\" content=\"article\" \/>\n<meta property=\"og:title\" content=\"Enroll Valley - Premier High School\" \/>\n<meta property=\"og:description\" content=\"Discover Premier High Schools in the Valley! Enroll now for a personalized education that fits your needs. Join us for a brighter future today!\" \/>\n<meta property=\"og:url\" content=\"https:\/\/premierhighschools.com\/es\/valle-de-enroll\/\" \/>\n<meta property=\"og:site_name\" content=\"Premier High School\" \/>\n<meta property=\"article:modified_time\" content=\"2024-11-14T16:46:42+00:00\" \/>\n<meta property=\"og:image\" content=\"https:\/\/premierhighschools.com\/wp-content\/uploads\/2024\/02\/PHS_3944_LQ.webp\" \/>\n\t<meta property=\"og:image:width\" content=\"2500\" \/>\n\t<meta property=\"og:image:height\" content=\"1666\" \/>\n\t<meta property=\"og:image:type\" content=\"image\/webp\" \/>\n<meta name=\"twitter:card\" content=\"summary_large_image\" \/>\n<script type=\"application\/ld+json\" class=\"yoast-schema-graph\">{\"@context\":\"https:\/\/schema.org\",\"@graph\":[{\"@type\":\"WebPage\",\"@id\":\"https:\/\/premierhighschools.com\/enroll-valley\/\",\"url\":\"https:\/\/premierhighschools.com\/enroll-valley\/\",\"name\":\"Enroll Valley - Premier High School\",\"isPartOf\":{\"@id\":\"https:\/\/premierhighschools.com\/#website\"},\"primaryImageOfPage\":{\"@id\":\"https:\/\/premierhighschools.com\/enroll-valley\/#primaryimage\"},\"image\":{\"@id\":\"https:\/\/premierhighschools.com\/enroll-valley\/#primaryimage\"},\"thumbnailUrl\":\"http:\/\/premierhighschools.com\/wp-content\/uploads\/2020\/12\/premier-apply-02.png\",\"datePublished\":\"2022-07-28T20:03:07+00:00\",\"dateModified\":\"2024-11-14T16:46:42+00:00\",\"description\":\"Discover Premier High Schools in the Valley! Enroll now for a personalized education that fits your needs. Join us for a brighter future today!\",\"breadcrumb\":{\"@id\":\"https:\/\/premierhighschools.com\/enroll-valley\/#breadcrumb\"},\"inLanguage\":\"es\",\"potentialAction\":[{\"@type\":\"ReadAction\",\"target\":[\"https:\/\/premierhighschools.com\/enroll-valley\/\"]}]},{\"@type\":\"ImageObject\",\"inLanguage\":\"es\",\"@id\":\"https:\/\/premierhighschools.com\/enroll-valley\/#primaryimage\",\"url\":\"http:\/\/premierhighschools.com\/wp-content\/uploads\/2020\/12\/premier-apply-02.png\",\"contentUrl\":\"http:\/\/premierhighschools.com\/wp-content\/uploads\/2020\/12\/premier-apply-02.png\"},{\"@type\":\"BreadcrumbList\",\"@id\":\"https:\/\/premierhighschools.com\/enroll-valley\/#breadcrumb\",\"itemListElement\":[{\"@type\":\"ListItem\",\"position\":1,\"name\":\"Home\",\"item\":\"https:\/\/premierhighschools.com\/\"},{\"@type\":\"ListItem\",\"position\":2,\"name\":\"Enroll Valley\"}]},{\"@type\":\"WebSite\",\"@id\":\"https:\/\/premierhighschools.com\/#website\",\"url\":\"https:\/\/premierhighschools.com\/\",\"name\":\"Premier High School\",\"description\":\"The Perfect Fit for a Unique Path\",\"publisher\":{\"@id\":\"https:\/\/premierhighschools.com\/#organization\"},\"potentialAction\":[{\"@type\":\"SearchAction\",\"target\":{\"@type\":\"EntryPoint\",\"urlTemplate\":\"https:\/\/premierhighschools.com\/?s={search_term_string}\"},\"query-input\":{\"@type\":\"PropertyValueSpecification\",\"valueRequired\":true,\"valueName\":\"search_term_string\"}}],\"inLanguage\":\"es\"},{\"@type\":\"Organization\",\"@id\":\"https:\/\/premierhighschools.com\/#organization\",\"name\":\"Premier High School\",\"url\":\"https:\/\/premierhighschools.com\/\",\"logo\":{\"@type\":\"ImageObject\",\"inLanguage\":\"es\",\"@id\":\"https:\/\/premierhighschools.com\/#\/schema\/logo\/image\/\",\"url\":\"https:\/\/premierhighschools.com\/wp-content\/uploads\/2022\/03\/cropped-Premier_Icon-Circle-Primary-1.png\",\"contentUrl\":\"https:\/\/premierhighschools.com\/wp-content\/uploads\/2022\/03\/cropped-Premier_Icon-Circle-Primary-1.png\",\"width\":512,\"height\":512,\"caption\":\"Premier High School\"},\"image\":{\"@id\":\"https:\/\/premierhighschools.com\/#\/schema\/logo\/image\/\"}}]}<\/script>\n<!-- \/ Yoast SEO plugin. -->","yoast_head_json":{"title":"Enroll Valley - Preparatoria de primer nivel","description":"Discover Premier High Schools in the Valley! Enroll now for a personalized education that fits your needs. Join us for a brighter future today!","robots":{"index":"index","follow":"follow","max-snippet":"max-snippet:-1","max-image-preview":"max-image-preview:large","max-video-preview":"max-video-preview:-1"},"canonical":"https:\/\/premierhighschools.com\/es\/valle-de-enroll\/","og_locale":"es_MX","og_type":"article","og_title":"Enroll Valley - Premier High School","og_description":"Discover Premier High Schools in the Valley! Enroll now for a personalized education that fits your needs. Join us for a brighter future today!","og_url":"https:\/\/premierhighschools.com\/es\/valle-de-enroll\/","og_site_name":"Premier High School","article_modified_time":"2024-11-14T16:46:42+00:00","og_image":[{"width":2500,"height":1666,"url":"https:\/\/premierhighschools.com\/wp-content\/uploads\/2024\/02\/PHS_3944_LQ.webp","type":"image\/webp"}],"twitter_card":"summary_large_image","schema":{"@context":"https:\/\/schema.org","@graph":[{"@type":"WebPage","@id":"https:\/\/premierhighschools.com\/enroll-valley\/","url":"https:\/\/premierhighschools.com\/enroll-valley\/","name":"Enroll Valley - Preparatoria de primer nivel","isPartOf":{"@id":"https:\/\/premierhighschools.com\/#website"},"primaryImageOfPage":{"@id":"https:\/\/premierhighschools.com\/enroll-valley\/#primaryimage"},"image":{"@id":"https:\/\/premierhighschools.com\/enroll-valley\/#primaryimage"},"thumbnailUrl":"http:\/\/premierhighschools.com\/wp-content\/uploads\/2020\/12\/premier-apply-02.png","datePublished":"2022-07-28T20:03:07+00:00","dateModified":"2024-11-14T16:46:42+00:00","description":"Discover Premier High Schools in the Valley! Enroll now for a personalized education that fits your needs. Join us for a brighter future today!","breadcrumb":{"@id":"https:\/\/premierhighschools.com\/enroll-valley\/#breadcrumb"},"inLanguage":"es","potentialAction":[{"@type":"ReadAction","target":["https:\/\/premierhighschools.com\/enroll-valley\/"]}]},{"@type":"ImageObject","inLanguage":"es","@id":"https:\/\/premierhighschools.com\/enroll-valley\/#primaryimage","url":"http:\/\/premierhighschools.com\/wp-content\/uploads\/2020\/12\/premier-apply-02.png","contentUrl":"http:\/\/premierhighschools.com\/wp-content\/uploads\/2020\/12\/premier-apply-02.png"},{"@type":"BreadcrumbList","@id":"https:\/\/premierhighschools.com\/enroll-valley\/#breadcrumb","itemListElement":[{"@type":"ListItem","position":1,"name":"Home","item":"https:\/\/premierhighschools.com\/"},{"@type":"ListItem","position":2,"name":"Enroll Valley"}]},{"@type":"WebSite","@id":"https:\/\/premierhighschools.com\/#website","url":"https:\/\/premierhighschools.com\/","name":"Preparatoria Premier","description":"El ajuste perfecto para un camino \u00fanico","publisher":{"@id":"https:\/\/premierhighschools.com\/#organization"},"potentialAction":[{"@type":"SearchAction","target":{"@type":"EntryPoint","urlTemplate":"https:\/\/premierhighschools.com\/?s={search_term_string}"},"query-input":{"@type":"PropertyValueSpecification","valueRequired":true,"valueName":"search_term_string"}}],"inLanguage":"es"},{"@type":"Organization","@id":"https:\/\/premierhighschools.com\/#organization","name":"Preparatoria Premier","url":"https:\/\/premierhighschools.com\/","logo":{"@type":"ImageObject","inLanguage":"es","@id":"https:\/\/premierhighschools.com\/#\/schema\/logo\/image\/","url":"https:\/\/premierhighschools.com\/wp-content\/uploads\/2022\/03\/cropped-Premier_Icon-Circle-Primary-1.png","contentUrl":"https:\/\/premierhighschools.com\/wp-content\/uploads\/2022\/03\/cropped-Premier_Icon-Circle-Primary-1.png","width":512,"height":512,"caption":"Premier High School"},"image":{"@id":"https:\/\/premierhighschools.com\/#\/schema\/logo\/image\/"}}]}},"_links":{"self":[{"href":"https:\/\/premierhighschools.com\/es\/wp-json\/wp\/v2\/pages\/2176","targetHints":{"allow":["GET"]}}],"collection":[{"href":"https:\/\/premierhighschools.com\/es\/wp-json\/wp\/v2\/pages"}],"about":[{"href":"https:\/\/premierhighschools.com\/es\/wp-json\/wp\/v2\/types\/page"}],"author":[{"embeddable":true,"href":"https:\/\/premierhighschools.com\/es\/wp-json\/wp\/v2\/users\/16"}],"replies":[{"embeddable":true,"href":"https:\/\/premierhighschools.com\/es\/wp-json\/wp\/v2\/comments?post=2176"}],"version-history":[{"count":0,"href":"https:\/\/premierhighschools.com\/es\/wp-json\/wp\/v2\/pages\/2176\/revisions"}],"wp:attachment":[{"href":"https:\/\/premierhighschools.com\/es\/wp-json\/wp\/v2\/media?parent=2176"}],"curies":[{"name":"wp","href":"https:\/\/api.w.org\/{rel}","templated":true}]}}