{"id":4188,"date":"2025-09-29T20:50:02","date_gmt":"2025-09-29T20:50:02","guid":{"rendered":"https:\/\/premierhighschools.com\/?page_id=4188"},"modified":"2025-09-29T20:51:19","modified_gmt":"2025-09-29T20:51:19","slug":"texas-movil","status":"publish","type":"page","link":"https:\/\/premierhighschools.com\/es\/texas-mobile\/","title":{"rendered":"Gracias \u2013 TX (celular)"},"content":{"rendered":"<div id=\"fws_69d063af94ae2\"  data-column-margin=\"default\" data-midnight=\"dark\"  class=\"wpb_row vc_row-fluid vc_row vc_row-o-full-height vc_row-o-columns-middle vc_row-o-equal-height vc_row-flex\"  style=\"padding-top: 0px; padding-bottom: 0px; \"><div class=\"row-bg-wrap\" data-bg-animation=\"none\" data-bg-animation-delay=\"\" data-bg-overlay=\"false\"><div class=\"inner-wrap row-bg-layer\" ><div class=\"row-bg viewport-desktop\"  style=\"\"><\/div><\/div><\/div><div class=\"row_col_wrap_12 col span_12 dark left\">\n\t<div  class=\"vc_col-sm-12 wpb_column column_container vc_column_container col centered-text no-extra-padding inherit_tablet inherit_phone\"  data-padding-pos=\"all\" data-has-bg-color=\"false\" data-bg-color=\"\" data-bg-opacity=\"1\" data-animation=\"\" data-delay=\"0\" >\n\t\t<div class=\"vc_column-inner\" >\n\t\t\t<div class=\"wpb_wrapper\">\n\t\t\t\t<div id=\"fws_69d063af94e0b\" data-midnight=\"\" data-column-margin=\"default\" class=\"wpb_row vc_row-fluid vc_row inner_row\"  style=\"\"><div class=\"row-bg-wrap\"> <div class=\"row-bg\" ><\/div> <\/div><div class=\"row_col_wrap_12_inner col span_12  left\">\n\t<div  class=\"vc_col-sm-3 wpb_column column_container vc_column_container col child_column no-extra-padding inherit_tablet inherit_phone\"   data-padding-pos=\"all\" data-has-bg-color=\"false\" data-bg-color=\"\" data-bg-opacity=\"1\" data-animation=\"\" data-delay=\"0\" >\n\t\t<div class=\"vc_column-inner\" >\n\t\t<div class=\"wpb_wrapper\">\n\t\t\t\n\t\t<\/div> \n\t<\/div>\n\t<\/div> \n\n\t<div  class=\"vc_col-sm-6 wpb_column column_container vc_column_container col child_column no-extra-padding inherit_tablet inherit_phone\"   data-padding-pos=\"all\" data-has-bg-color=\"false\" data-bg-color=\"\" data-bg-opacity=\"1\" data-animation=\"\" data-delay=\"0\" >\n\t\t<div class=\"vc_column-inner\" >\n\t\t<div class=\"wpb_wrapper\">\n\t\t\t<div class=\"img-with-aniamtion-wrap center\" data-max-width=\"100%\" data-max-width-mobile=\"default\" data-shadow=\"none\" data-animation=\"none\" >\n      <div class=\"inner\">\n        <div class=\"hover-wrap\"> \n          <div class=\"hover-wrap-inner\">\n            <img loading=\"lazy\" decoding=\"async\" class=\"img-with-animation skip-lazy\" data-delay=\"0\" height=\"283\" width=\"1750\" data-animation=\"none\" src=\"https:\/\/premierhighschools.com\/wp-content\/uploads\/2017\/10\/premier-web-logo.png\" alt=\"\" srcset=\"https:\/\/premierhighschools.com\/wp-content\/uploads\/2017\/10\/premier-web-logo.png 1750w, https:\/\/premierhighschools.com\/wp-content\/uploads\/2017\/10\/premier-web-logo-300x49.png 300w, https:\/\/premierhighschools.com\/wp-content\/uploads\/2017\/10\/premier-web-logo-768x124.png 768w, https:\/\/premierhighschools.com\/wp-content\/uploads\/2017\/10\/premier-web-logo-1024x166.png 1024w\" sizes=\"auto, (max-width: 1750px) 100vw, 1750px\" \/>\n          <\/div>\n        <\/div>\n        \n      <\/div>\n    <\/div>\n\t\t<\/div> \n\t<\/div>\n\t<\/div> \n\n\t<div  class=\"vc_col-sm-3 wpb_column column_container vc_column_container col child_column no-extra-padding inherit_tablet inherit_phone\"   data-padding-pos=\"all\" data-has-bg-color=\"false\" data-bg-color=\"\" data-bg-opacity=\"1\" data-animation=\"\" data-delay=\"0\" >\n\t\t<div class=\"vc_column-inner\" >\n\t\t<div class=\"wpb_wrapper\">\n\t\t\t\n\t\t<\/div> \n\t<\/div>\n\t<\/div> \n<\/div><\/div>\n<div class=\"wpb_text_column wpb_content_element\" >\n\t<h3>Gracias por tu inter\u00e9s en Premier High School.<br \/>\nNuestra aplicaci\u00f3n est\u00e1 optimizada para computadoras de escritorio.<\/h3>\n<\/div>\n\n\n\n<a class=\"nectar-button jumbo regular accent-color  regular-button\"  role=\"button\" style=\"margin-top: 30px; \"  href=\"https:\/\/responsiveed.schoolmint.com\/signup\" data-color-override=\"false\" data-hover-color-override=\"false\" data-hover-text-color-override=\"#fff\"><span>Continuar en el celular<\/span><\/a>\n\t\t\t<\/div> \n\t\t<\/div>\n\t<\/div> \n<\/div><\/div>","protected":false},"excerpt":{"rendered":"Gracias por tu inter\u00e9s en Premier High School. Nuestra aplicaci\u00f3n est\u00e1 optimizada para computadoras de escritorio. Continuar en dispositivo m\u00f3vil","protected":false},"author":16,"featured_media":0,"parent":0,"menu_order":0,"comment_status":"closed","ping_status":"closed","template":"","meta":{"footnotes":""},"class_list":["post-4188","page","type-page","status-publish"],"yoast_head":"<!-- This site is optimized with the Yoast SEO plugin v27.2 - https:\/\/yoast.com\/product\/yoast-seo-wordpress\/ -->\n<title>Thank you - TX (mobile) - Premier High School<\/title>\n<meta name=\"robots\" content=\"index, follow, max-snippet:-1, max-image-preview:large, max-video-preview:-1\" \/>\n<link rel=\"canonical\" href=\"https:\/\/premierhighschools.com\/es\/texas-movil\/\" \/>\n<meta property=\"og:locale\" content=\"es_MX\" \/>\n<meta property=\"og:type\" content=\"article\" \/>\n<meta property=\"og:title\" content=\"Thank you - TX (mobile) - Premier High School\" \/>\n<meta property=\"og:url\" content=\"https:\/\/premierhighschools.com\/es\/texas-movil\/\" \/>\n<meta property=\"og:site_name\" content=\"Premier High School\" \/>\n<meta property=\"article:modified_time\" content=\"2025-09-29T20:51:19+00:00\" \/>\n<meta property=\"og:image\" content=\"https:\/\/premierhighschools.com\/wp-content\/uploads\/2024\/02\/PHS_3944_LQ.webp\" \/>\n\t<meta property=\"og:image:width\" content=\"2500\" \/>\n\t<meta property=\"og:image:height\" content=\"1666\" \/>\n\t<meta property=\"og:image:type\" content=\"image\/webp\" \/>\n<meta name=\"twitter:card\" content=\"summary_large_image\" \/>\n<script type=\"application\/ld+json\" class=\"yoast-schema-graph\">{\"@context\":\"https:\/\/schema.org\",\"@graph\":[{\"@type\":\"WebPage\",\"@id\":\"https:\/\/premierhighschools.com\/texas-mobile\/\",\"url\":\"https:\/\/premierhighschools.com\/texas-mobile\/\",\"name\":\"Thank you - TX (mobile) - Premier High School\",\"isPartOf\":{\"@id\":\"https:\/\/premierhighschools.com\/#website\"},\"datePublished\":\"2025-09-29T20:50:02+00:00\",\"dateModified\":\"2025-09-29T20:51:19+00:00\",\"breadcrumb\":{\"@id\":\"https:\/\/premierhighschools.com\/texas-mobile\/#breadcrumb\"},\"inLanguage\":\"es\",\"potentialAction\":[{\"@type\":\"ReadAction\",\"target\":[\"https:\/\/premierhighschools.com\/texas-mobile\/\"]}]},{\"@type\":\"BreadcrumbList\",\"@id\":\"https:\/\/premierhighschools.com\/texas-mobile\/#breadcrumb\",\"itemListElement\":[{\"@type\":\"ListItem\",\"position\":1,\"name\":\"Home\",\"item\":\"https:\/\/premierhighschools.com\/\"},{\"@type\":\"ListItem\",\"position\":2,\"name\":\"Thank you &#8211; TX (mobile)\"}]},{\"@type\":\"WebSite\",\"@id\":\"https:\/\/premierhighschools.com\/#website\",\"url\":\"https:\/\/premierhighschools.com\/\",\"name\":\"Premier High School\",\"description\":\"The Perfect Fit for a Unique Path\",\"publisher\":{\"@id\":\"https:\/\/premierhighschools.com\/#organization\"},\"potentialAction\":[{\"@type\":\"SearchAction\",\"target\":{\"@type\":\"EntryPoint\",\"urlTemplate\":\"https:\/\/premierhighschools.com\/?s={search_term_string}\"},\"query-input\":{\"@type\":\"PropertyValueSpecification\",\"valueRequired\":true,\"valueName\":\"search_term_string\"}}],\"inLanguage\":\"es\"},{\"@type\":\"Organization\",\"@id\":\"https:\/\/premierhighschools.com\/#organization\",\"name\":\"Premier High School\",\"url\":\"https:\/\/premierhighschools.com\/\",\"logo\":{\"@type\":\"ImageObject\",\"inLanguage\":\"es\",\"@id\":\"https:\/\/premierhighschools.com\/#\/schema\/logo\/image\/\",\"url\":\"https:\/\/premierhighschools.com\/wp-content\/uploads\/2022\/03\/cropped-Premier_Icon-Circle-Primary-1.png\",\"contentUrl\":\"https:\/\/premierhighschools.com\/wp-content\/uploads\/2022\/03\/cropped-Premier_Icon-Circle-Primary-1.png\",\"width\":512,\"height\":512,\"caption\":\"Premier High School\"},\"image\":{\"@id\":\"https:\/\/premierhighschools.com\/#\/schema\/logo\/image\/\"}}]}<\/script>\n<!-- \/ Yoast SEO plugin. -->","yoast_head_json":{"title":"Gracias - TX (celular) - Premier High School","robots":{"index":"index","follow":"follow","max-snippet":"max-snippet:-1","max-image-preview":"max-image-preview:large","max-video-preview":"max-video-preview:-1"},"canonical":"https:\/\/premierhighschools.com\/es\/texas-movil\/","og_locale":"es_MX","og_type":"article","og_title":"Thank you - TX (mobile) - Premier High School","og_url":"https:\/\/premierhighschools.com\/es\/texas-movil\/","og_site_name":"Premier High School","article_modified_time":"2025-09-29T20:51:19+00:00","og_image":[{"width":2500,"height":1666,"url":"https:\/\/premierhighschools.com\/wp-content\/uploads\/2024\/02\/PHS_3944_LQ.webp","type":"image\/webp"}],"twitter_card":"summary_large_image","schema":{"@context":"https:\/\/schema.org","@graph":[{"@type":"WebPage","@id":"https:\/\/premierhighschools.com\/texas-mobile\/","url":"https:\/\/premierhighschools.com\/texas-mobile\/","name":"Gracias - TX (celular) - Premier High School","isPartOf":{"@id":"https:\/\/premierhighschools.com\/#website"},"datePublished":"2025-09-29T20:50:02+00:00","dateModified":"2025-09-29T20:51:19+00:00","breadcrumb":{"@id":"https:\/\/premierhighschools.com\/texas-mobile\/#breadcrumb"},"inLanguage":"es","potentialAction":[{"@type":"ReadAction","target":["https:\/\/premierhighschools.com\/texas-mobile\/"]}]},{"@type":"BreadcrumbList","@id":"https:\/\/premierhighschools.com\/texas-mobile\/#breadcrumb","itemListElement":[{"@type":"ListItem","position":1,"name":"Home","item":"https:\/\/premierhighschools.com\/"},{"@type":"ListItem","position":2,"name":"Thank you &#8211; TX (mobile)"}]},{"@type":"WebSite","@id":"https:\/\/premierhighschools.com\/#website","url":"https:\/\/premierhighschools.com\/","name":"Preparatoria Premier","description":"El ajuste perfecto para un camino \u00fanico","publisher":{"@id":"https:\/\/premierhighschools.com\/#organization"},"potentialAction":[{"@type":"SearchAction","target":{"@type":"EntryPoint","urlTemplate":"https:\/\/premierhighschools.com\/?s={search_term_string}"},"query-input":{"@type":"PropertyValueSpecification","valueRequired":true,"valueName":"search_term_string"}}],"inLanguage":"es"},{"@type":"Organization","@id":"https:\/\/premierhighschools.com\/#organization","name":"Preparatoria Premier","url":"https:\/\/premierhighschools.com\/","logo":{"@type":"ImageObject","inLanguage":"es","@id":"https:\/\/premierhighschools.com\/#\/schema\/logo\/image\/","url":"https:\/\/premierhighschools.com\/wp-content\/uploads\/2022\/03\/cropped-Premier_Icon-Circle-Primary-1.png","contentUrl":"https:\/\/premierhighschools.com\/wp-content\/uploads\/2022\/03\/cropped-Premier_Icon-Circle-Primary-1.png","width":512,"height":512,"caption":"Premier High School"},"image":{"@id":"https:\/\/premierhighschools.com\/#\/schema\/logo\/image\/"}}]}},"_links":{"self":[{"href":"https:\/\/premierhighschools.com\/es\/wp-json\/wp\/v2\/pages\/4188","targetHints":{"allow":["GET"]}}],"collection":[{"href":"https:\/\/premierhighschools.com\/es\/wp-json\/wp\/v2\/pages"}],"about":[{"href":"https:\/\/premierhighschools.com\/es\/wp-json\/wp\/v2\/types\/page"}],"author":[{"embeddable":true,"href":"https:\/\/premierhighschools.com\/es\/wp-json\/wp\/v2\/users\/16"}],"replies":[{"embeddable":true,"href":"https:\/\/premierhighschools.com\/es\/wp-json\/wp\/v2\/comments?post=4188"}],"version-history":[{"count":0,"href":"https:\/\/premierhighschools.com\/es\/wp-json\/wp\/v2\/pages\/4188\/revisions"}],"wp:attachment":[{"href":"https:\/\/premierhighschools.com\/es\/wp-json\/wp\/v2\/media?parent=4188"}],"curies":[{"name":"wp","href":"https:\/\/api.w.org\/{rel}","templated":true}]}}